{"id":572,"date":"2025-12-18T16:06:01","date_gmt":"2025-12-18T15:06:01","guid":{"rendered":"https:\/\/llorenspyj.adrirodrigom6.es\/?page_id=572"},"modified":"2026-02-18T17:18:57","modified_gmt":"2026-02-18T16:18:57","slug":"contact","status":"publish","type":"page","link":"https:\/\/llorenspyj.adrirodrigom6.es\/en\/contact\/","title":{"rendered":"Contact"},"content":{"rendered":"\t\t<div data-elementor-type=\"wp-page\" data-elementor-id=\"572\" class=\"elementor elementor-572\" data-elementor-post-type=\"page\">\n\t\t\t\t<div class=\"elementor-element elementor-element-9a21ecb e-flex e-con-boxed e-con e-parent\" data-id=\"9a21ecb\" data-element_type=\"container\" data-e-type=\"container\" data-settings=\"{&quot;background_background&quot;:&quot;classic&quot;}\">\n\t\t\t\t\t<div class=\"e-con-inner\">\n\t\t\t\t<div class=\"elementor-element elementor-element-6349aaa elementor-widget elementor-widget-heading\" data-id=\"6349aaa\" data-element_type=\"widget\" data-e-type=\"widget\" data-widget_type=\"heading.default\">\n\t\t\t\t\t<h1 class=\"elementor-heading-title elementor-size-default\">CONTACTO<\/h1>\t\t\t\t<\/div>\n\t\t\t\t\t<\/div>\n\t\t\t\t<\/div>\n\t\t<div class=\"elementor-element elementor-element-82abf7e e-flex e-con-boxed e-con e-parent\" data-id=\"82abf7e\" data-element_type=\"container\" data-e-type=\"container\">\n\t\t\t\t\t<div class=\"e-con-inner\">\n\t\t\t\t<div class=\"elementor-element elementor-element-195a8db elementor-widget__width-initial elementor-widget elementor-widget-text-editor\" data-id=\"195a8db\" data-element_type=\"widget\" data-e-type=\"widget\" data-widget_type=\"text-editor.default\">\n\t\t\t\t\t\t\t\t\t<p>Contacta con nosotros si necesitas m\u00e1s informaci\u00f3n o si est\u00e1s interesado en distribuir nuestros aceites.<\/p>\t\t\t\t\t\t\t\t<\/div>\n\t\t\t\t<div class=\"elementor-element elementor-element-a1db383 elementor-align-center elementor-icon-list--layout-traditional elementor-list-item-link-full_width elementor-widget elementor-widget-icon-list\" data-id=\"a1db383\" data-element_type=\"widget\" data-e-type=\"widget\" data-widget_type=\"icon-list.default\">\n\t\t\t\t\t\t\t<ul class=\"elementor-icon-list-items\">\n\t\t\t\t\t\t\t<li class=\"elementor-icon-list-item\">\n\t\t\t\t\t\t\t\t\t\t\t<a href=\"mailto:contact@llorenspj.com\">\n\n\t\t\t\t\t\t\t\t\t\t\t\t<span class=\"elementor-icon-list-icon\">\n\t\t\t\t\t\t\t<svg aria-hidden=\"true\" class=\"e-font-icon-svg e-fas-envelope\" viewBox=\"0 0 512 512\" xmlns=\"http:\/\/www.w3.org\/2000\/svg\"><path d=\"M502.3 190.8c3.9-3.1 9.7-.2 9.7 4.7V400c0 26.5-21.5 48-48 48H48c-26.5 0-48-21.5-48-48V195.6c0-5 5.7-7.8 9.7-4.7 22.4 17.4 52.1 39.5 154.1 113.6 21.1 15.4 56.7 47.8 92.2 47.6 35.7.3 72-32.8 92.3-47.6 102-74.1 131.6-96.3 154-113.7zM256 320c23.2.4 56.6-29.2 73.4-41.4 132.7-96.3 142.8-104.7 173.4-128.7 5.8-4.5 9.2-11.5 9.2-18.9v-19c0-26.5-21.5-48-48-48H48C21.5 64 0 85.5 0 112v19c0 7.4 3.4 14.3 9.2 18.9 30.6 23.9 40.7 32.4 173.4 128.7 16.8 12.2 50.2 41.8 73.4 41.4z\"><\/path><\/svg>\t\t\t\t\t\t<\/span>\n\t\t\t\t\t\t\t\t\t\t<span class=\"elementor-icon-list-text\">contact@llorenspj.com<\/span>\n\t\t\t\t\t\t\t\t\t\t\t<\/a>\n\t\t\t\t\t\t\t\t\t<\/li>\n\t\t\t\t\t\t<\/ul>\n\t\t\t\t\t\t<\/div>\n\t\t\t\t<div class=\"elementor-element elementor-element-b84dc31 elementor-widget__width-initial elementor-button-align-stretch elementor-widget elementor-widget-form\" data-id=\"b84dc31\" data-element_type=\"widget\" data-e-type=\"widget\" data-settings=\"{&quot;step_next_label&quot;:&quot;Siguiente&quot;,&quot;step_previous_label&quot;:&quot;Anterior&quot;,&quot;button_width&quot;:&quot;100&quot;,&quot;step_type&quot;:&quot;number_text&quot;,&quot;step_icon_shape&quot;:&quot;circle&quot;}\" data-widget_type=\"form.default\">\n\t\t\t\t\t\t\t<form class=\"elementor-form\" method=\"post\" name=\"Nuevo formulario\" aria-label=\"Nuevo formulario\">\n\t\t\t<input type=\"hidden\" name=\"post_id\" value=\"572\"\/>\n\t\t\t<input type=\"hidden\" name=\"form_id\" value=\"b84dc31\"\/>\n\t\t\t<input type=\"hidden\" name=\"referer_title\" value=\"Contacto - Llorens P&amp;J\" \/>\n\n\t\t\t\t\t\t\t<input type=\"hidden\" name=\"queried_id\" value=\"572\"\/>\n\t\t\t\n\t\t\t<div class=\"elementor-form-fields-wrapper elementor-labels-above\">\n\t\t\t\t\t\t\t\t<div class=\"elementor-field-type-text elementor-field-group elementor-column elementor-field-group-name elementor-col-100\">\n\t\t\t\t\t\t\t\t\t\t\t\t<label for=\"form-field-name\" class=\"elementor-field-label\">\n\t\t\t\t\t\t\t\tNombre\t\t\t\t\t\t\t<\/label>\n\t\t\t\t\t\t\t\t\t\t\t\t\t\t<input size=\"1\" type=\"text\" name=\"form_fields[name]\" id=\"form-field-name\" class=\"elementor-field elementor-size-sm  elementor-field-textual\">\n\t\t\t\t\t\t\t\t\t\t\t<\/div>\n\t\t\t\t\t\t\t\t<div class=\"elementor-field-type-email elementor-field-group elementor-column elementor-field-group-email elementor-col-100 elementor-field-required\">\n\t\t\t\t\t\t\t\t\t\t\t\t<label for=\"form-field-email\" class=\"elementor-field-label\">\n\t\t\t\t\t\t\t\tCorreo electr\u00f3nico\t\t\t\t\t\t\t<\/label>\n\t\t\t\t\t\t\t\t\t\t\t\t\t\t<input size=\"1\" type=\"email\" name=\"form_fields[email]\" id=\"form-field-email\" class=\"elementor-field elementor-size-sm  elementor-field-textual\" required=\"required\">\n\t\t\t\t\t\t\t\t\t\t\t<\/div>\n\t\t\t\t\t\t\t\t<div class=\"elementor-field-type-textarea elementor-field-group elementor-column elementor-field-group-message elementor-col-100\">\n\t\t\t\t\t\t\t\t\t\t\t\t<label for=\"form-field-message\" class=\"elementor-field-label\">\n\t\t\t\t\t\t\t\tMensaje\t\t\t\t\t\t\t<\/label>\n\t\t\t\t\t\t<textarea class=\"elementor-field-textual elementor-field  elementor-size-sm\" name=\"form_fields[message]\" id=\"form-field-message\" rows=\"4\"><\/textarea>\t\t\t\t<\/div>\n\t\t\t\t\t\t\t\t<div class=\"elementor-field-type-checkbox elementor-field-group elementor-column elementor-field-group-field_da5181c elementor-col-100\">\n\t\t\t\t\t<div class=\"elementor-field-subgroup  \"><span class=\"elementor-field-option\"><input type=\"checkbox\" value=\"He le\u00eddo y acepto la pol\u00edtica de privacidad\" id=\"form-field-field_da5181c-0\" name=\"form_fields[field_da5181c]\"> <label for=\"form-field-field_da5181c-0\">He le\u00eddo y acepto la pol\u00edtica de privacidad<\/label><\/span><\/div>\t\t\t\t<\/div>\n\t\t\t\t\t\t\t\t<div class=\"elementor-field-group elementor-column elementor-field-type-submit elementor-col-100 e-form__buttons\">\n\t\t\t\t\t<button class=\"elementor-button elementor-size-sm\" type=\"submit\">\n\t\t\t\t\t\t<span class=\"elementor-button-content-wrapper\">\n\t\t\t\t\t\t\t\t\t\t\t\t\t\t\t\t\t\t\t\t\t\t<span class=\"elementor-button-text\">Enviar<\/span>\n\t\t\t\t\t\t\t\t\t\t\t\t\t<\/span>\n\t\t\t\t\t<\/button>\n\t\t\t\t<\/div>\n\t\t\t<\/div>\n\t\t<\/form>\n\t\t\t\t\t\t<\/div>\n\t\t\t\t\t<\/div>\n\t\t\t\t<\/div>\n\t\t\t\t<\/div>\n\t\t","protected":false},"excerpt":{"rendered":"<p>CONTACT US Contact us if you need more information or if you are interested in distributing our oils. contact@llorenspj.com<\/p>","protected":false},"author":8,"featured_media":0,"parent":0,"menu_order":0,"comment_status":"closed","ping_status":"closed","template":"","meta":{"footnotes":""},"class_list":["post-572","page","type-page","status-publish","hentry"],"yoast_head":"<!-- This site is optimized with the Yoast SEO plugin v27.3 - https:\/\/yoast.com\/product\/yoast-seo-wordpress\/ -->\n<title>Contacto - Llorens P&amp;J<\/title>\n<meta name=\"robots\" content=\"noindex, follow, max-snippet:-1, max-image-preview:large, max-video-preview:-1\" \/>\n<meta property=\"og:locale\" content=\"en_GB\" \/>\n<meta property=\"og:type\" content=\"article\" \/>\n<meta property=\"og:title\" content=\"Contacto - Llorens P&amp;J\" \/>\n<meta property=\"og:description\" content=\"CONTACTO Contacta con nosotros si necesitas m\u00e1s informaci\u00f3n o si est\u00e1s interesado en distribuir nuestros aceites. contact@llorenspj.com\" \/>\n<meta property=\"og:url\" content=\"https:\/\/llorenspyj.adrirodrigom6.es\/en\/contact\/\" \/>\n<meta property=\"og:site_name\" content=\"Llorens P&amp;J\" \/>\n<meta property=\"article:modified_time\" content=\"2026-02-18T16:18:57+00:00\" \/>\n<meta name=\"twitter:card\" content=\"summary_large_image\" \/>\n<meta name=\"twitter:label1\" content=\"Estimated reading time\" \/>\n\t<meta name=\"twitter:data1\" content=\"1 minute\" \/>\n<script type=\"application\/ld+json\" class=\"yoast-schema-graph\">{\"@context\":\"https:\\\/\\\/schema.org\",\"@graph\":[{\"@type\":\"WebPage\",\"@id\":\"https:\\\/\\\/llorenspyj.adrirodrigom6.es\\\/contacto\\\/\",\"url\":\"https:\\\/\\\/llorenspyj.adrirodrigom6.es\\\/contacto\\\/\",\"name\":\"Contacto - Llorens P&amp;J\",\"isPartOf\":{\"@id\":\"https:\\\/\\\/llorenspyj.adrirodrigom6.es\\\/#website\"},\"datePublished\":\"2025-12-18T15:06:01+00:00\",\"dateModified\":\"2026-02-18T16:18:57+00:00\",\"breadcrumb\":{\"@id\":\"https:\\\/\\\/llorenspyj.adrirodrigom6.es\\\/contacto\\\/#breadcrumb\"},\"inLanguage\":\"en-GB\",\"potentialAction\":[{\"@type\":\"ReadAction\",\"target\":[\"https:\\\/\\\/llorenspyj.adrirodrigom6.es\\\/contacto\\\/\"]}]},{\"@type\":\"BreadcrumbList\",\"@id\":\"https:\\\/\\\/llorenspyj.adrirodrigom6.es\\\/contacto\\\/#breadcrumb\",\"itemListElement\":[{\"@type\":\"ListItem\",\"position\":1,\"name\":\"Portada\",\"item\":\"https:\\\/\\\/llorenspyj.adrirodrigom6.es\\\/\"},{\"@type\":\"ListItem\",\"position\":2,\"name\":\"Contacto\"}]},{\"@type\":\"WebSite\",\"@id\":\"https:\\\/\\\/llorenspyj.adrirodrigom6.es\\\/#website\",\"url\":\"https:\\\/\\\/llorenspyj.adrirodrigom6.es\\\/\",\"name\":\"Llorens P&amp;J\",\"description\":\"\",\"publisher\":{\"@id\":\"https:\\\/\\\/llorenspyj.adrirodrigom6.es\\\/#organization\"},\"potentialAction\":[{\"@type\":\"SearchAction\",\"target\":{\"@type\":\"EntryPoint\",\"urlTemplate\":\"https:\\\/\\\/llorenspyj.adrirodrigom6.es\\\/?s={search_term_string}\"},\"query-input\":{\"@type\":\"PropertyValueSpecification\",\"valueRequired\":true,\"valueName\":\"search_term_string\"}}],\"inLanguage\":\"en-GB\"},{\"@type\":\"Organization\",\"@id\":\"https:\\\/\\\/llorenspyj.adrirodrigom6.es\\\/#organization\",\"name\":\"Llorens P&amp;J\",\"url\":\"https:\\\/\\\/llorenspyj.adrirodrigom6.es\\\/\",\"logo\":{\"@type\":\"ImageObject\",\"inLanguage\":\"en-GB\",\"@id\":\"https:\\\/\\\/llorenspyj.adrirodrigom6.es\\\/#\\\/schema\\\/logo\\\/image\\\/\",\"url\":\"https:\\\/\\\/llorenspyj.adrirodrigom6.es\\\/wp-content\\\/uploads\\\/2025\\\/06\\\/Sin-titulo-500-x-500-px-3.png\",\"contentUrl\":\"https:\\\/\\\/llorenspyj.adrirodrigom6.es\\\/wp-content\\\/uploads\\\/2025\\\/06\\\/Sin-titulo-500-x-500-px-3.png\",\"width\":500,\"height\":500,\"caption\":\"Llorens P&amp;J\"},\"image\":{\"@id\":\"https:\\\/\\\/llorenspyj.adrirodrigom6.es\\\/#\\\/schema\\\/logo\\\/image\\\/\"}}]}<\/script>\n<!-- \/ Yoast SEO plugin. -->","yoast_head_json":{"title":"Contact - Llorens P&amp;J","robots":{"index":"noindex","follow":"follow","max-snippet":"max-snippet:-1","max-image-preview":"max-image-preview:large","max-video-preview":"max-video-preview:-1"},"og_locale":"en_GB","og_type":"article","og_title":"Contacto - Llorens P&amp;J","og_description":"CONTACTO Contacta con nosotros si necesitas m\u00e1s informaci\u00f3n o si est\u00e1s interesado en distribuir nuestros aceites. contact@llorenspj.com","og_url":"https:\/\/llorenspyj.adrirodrigom6.es\/en\/contact\/","og_site_name":"Llorens P&amp;J","article_modified_time":"2026-02-18T16:18:57+00:00","twitter_card":"summary_large_image","twitter_misc":{"Estimated reading time":"1 minute"},"schema":{"@context":"https:\/\/schema.org","@graph":[{"@type":"WebPage","@id":"https:\/\/llorenspyj.adrirodrigom6.es\/contacto\/","url":"https:\/\/llorenspyj.adrirodrigom6.es\/contacto\/","name":"Contact - Llorens P&amp;J","isPartOf":{"@id":"https:\/\/llorenspyj.adrirodrigom6.es\/#website"},"datePublished":"2025-12-18T15:06:01+00:00","dateModified":"2026-02-18T16:18:57+00:00","breadcrumb":{"@id":"https:\/\/llorenspyj.adrirodrigom6.es\/contacto\/#breadcrumb"},"inLanguage":"en-GB","potentialAction":[{"@type":"ReadAction","target":["https:\/\/llorenspyj.adrirodrigom6.es\/contacto\/"]}]},{"@type":"BreadcrumbList","@id":"https:\/\/llorenspyj.adrirodrigom6.es\/contacto\/#breadcrumb","itemListElement":[{"@type":"ListItem","position":1,"name":"Portada","item":"https:\/\/llorenspyj.adrirodrigom6.es\/"},{"@type":"ListItem","position":2,"name":"Contacto"}]},{"@type":"WebSite","@id":"https:\/\/llorenspyj.adrirodrigom6.es\/#website","url":"https:\/\/llorenspyj.adrirodrigom6.es\/","name":"Llorens P&amp;J","description":"","publisher":{"@id":"https:\/\/llorenspyj.adrirodrigom6.es\/#organization"},"potentialAction":[{"@type":"SearchAction","target":{"@type":"EntryPoint","urlTemplate":"https:\/\/llorenspyj.adrirodrigom6.es\/?s={search_term_string}"},"query-input":{"@type":"PropertyValueSpecification","valueRequired":true,"valueName":"search_term_string"}}],"inLanguage":"en-GB"},{"@type":"Organization","@id":"https:\/\/llorenspyj.adrirodrigom6.es\/#organization","name":"Llorens P&amp;J","url":"https:\/\/llorenspyj.adrirodrigom6.es\/","logo":{"@type":"ImageObject","inLanguage":"en-GB","@id":"https:\/\/llorenspyj.adrirodrigom6.es\/#\/schema\/logo\/image\/","url":"https:\/\/llorenspyj.adrirodrigom6.es\/wp-content\/uploads\/2025\/06\/Sin-titulo-500-x-500-px-3.png","contentUrl":"https:\/\/llorenspyj.adrirodrigom6.es\/wp-content\/uploads\/2025\/06\/Sin-titulo-500-x-500-px-3.png","width":500,"height":500,"caption":"Llorens P&amp;J"},"image":{"@id":"https:\/\/llorenspyj.adrirodrigom6.es\/#\/schema\/logo\/image\/"}}]}},"_links":{"self":[{"href":"https:\/\/llorenspyj.adrirodrigom6.es\/en\/wp-json\/wp\/v2\/pages\/572","targetHints":{"allow":["GET"]}}],"collection":[{"href":"https:\/\/llorenspyj.adrirodrigom6.es\/en\/wp-json\/wp\/v2\/pages"}],"about":[{"href":"https:\/\/llorenspyj.adrirodrigom6.es\/en\/wp-json\/wp\/v2\/types\/page"}],"author":[{"embeddable":true,"href":"https:\/\/llorenspyj.adrirodrigom6.es\/en\/wp-json\/wp\/v2\/users\/8"}],"replies":[{"embeddable":true,"href":"https:\/\/llorenspyj.adrirodrigom6.es\/en\/wp-json\/wp\/v2\/comments?post=572"}],"version-history":[{"count":25,"href":"https:\/\/llorenspyj.adrirodrigom6.es\/en\/wp-json\/wp\/v2\/pages\/572\/revisions"}],"predecessor-version":[{"id":859,"href":"https:\/\/llorenspyj.adrirodrigom6.es\/en\/wp-json\/wp\/v2\/pages\/572\/revisions\/859"}],"wp:attachment":[{"href":"https:\/\/llorenspyj.adrirodrigom6.es\/en\/wp-json\/wp\/v2\/media?parent=572"}],"curies":[{"name":"wp","href":"https:\/\/api.w.org\/{rel}","templated":true}]}}