{"id":627,"date":"2025-12-19T08:33:32","date_gmt":"2025-12-19T07:33:32","guid":{"rendered":"https:\/\/llorenspyj.adrirodrigom6.es\/?post_type=product&#038;p=627"},"modified":"2026-02-18T17:47:43","modified_gmt":"2026-02-18T16:47:43","slug":"extra-premium-olive-oil-500ml","status":"publish","type":"product","link":"https:\/\/llorenspyj.adrirodrigom6.es\/en\/product\/extra-premium-olive-oil-500ml\/","title":{"rendered":"THE200TREES.COM \u2013 Limited Edition 2024"},"content":{"rendered":"<p>Born in Vila-real, caressed by the Mediterranean breeze. Our Arbequina olives are harvested by hand from a private grove of only 200 trees. Cold-pressed within hours to preserve the soul of the fruit.<\/p>\n<h3 data-path-to-node=\"6\">Tasting notes<\/h3>\n<p data-path-to-node=\"6\">A smooth, velvety entry with notes of green almond and tomato plant, finishing with a delicate peppery touch. Low acidity, high emotion.<\/p>\n<h3 data-path-to-node=\"6\">The guarantee<\/h3>\n<p data-path-to-node=\"6\">Single Estate | Early Harvest | Numbered Bottles<\/p>","protected":false},"excerpt":{"rendered":"<p>Nacido en Vila-real, acariciado por la brisa del Mediterr\u00e1neo. Nuestras aceitunas arbequinas son cosechadas a mano en un olivar privado de solo 200 \u00e1rboles. Prensado en fr\u00edo en cuesti\u00f3n de horas para preservar el alma del fruto Notas de cata Una entrada suave y aterciopelada con notas de almendra verde y tomatera, finalizando con un [&hellip;]<\/p>\n","protected":false},"featured_media":628,"template":"","meta":[],"product_brand":[],"product_cat":[18],"product_tag":[],"class_list":{"0":"post-627","1":"product","2":"type-product","3":"status-publish","4":"has-post-thumbnail","6":"product_cat-aceite","8":"first","9":"instock","10":"taxable","11":"shipping-taxable","12":"purchasable","13":"product-type-simple"},"yoast_head":"<!-- This site is optimized with the Yoast SEO plugin v27.3 - https:\/\/yoast.com\/product\/yoast-seo-wordpress\/ -->\n<title>THE200TREES.COM - Edici\u00f3n Limitada 2024 - Llorens P&amp;J<\/title>\n<meta name=\"robots\" content=\"noindex, follow, max-snippet:-1, max-image-preview:large, max-video-preview:-1\" \/>\n<meta property=\"og:locale\" content=\"en_GB\" \/>\n<meta property=\"og:type\" content=\"article\" \/>\n<meta property=\"og:title\" content=\"THE200TREES.COM - Edici\u00f3n Limitada 2024 - Llorens P&amp;J\" \/>\n<meta property=\"og:description\" content=\"Nacido en Vila-real, acariciado por la brisa del Mediterr\u00e1neo. Nuestras aceitunas arbequinas son cosechadas a mano en un olivar privado de solo 200 \u00e1rboles. Prensado en fr\u00edo en cuesti\u00f3n de horas para preservar el alma del fruto Notas de cata Una entrada suave y aterciopelada con notas de almendra verde y tomatera, finalizando con un [&hellip;]\" \/>\n<meta property=\"og:url\" content=\"https:\/\/llorenspyj.adrirodrigom6.es\/en\/product\/extra-premium-olive-oil-500ml\/\" \/>\n<meta property=\"og:site_name\" content=\"Llorens P&amp;J\" \/>\n<meta property=\"article:modified_time\" content=\"2026-02-18T16:47:43+00:00\" \/>\n<meta property=\"og:image\" content=\"https:\/\/llorenspyj.adrirodrigom6.es\/wp-content\/uploads\/2025\/12\/aceite-premium.jpg\" \/>\n\t<meta property=\"og:image:width\" content=\"830\" \/>\n\t<meta property=\"og:image:height\" content=\"830\" \/>\n\t<meta property=\"og:image:type\" content=\"image\/jpeg\" \/>\n<meta name=\"twitter:card\" content=\"summary_large_image\" \/>\n<meta name=\"twitter:label1\" content=\"Estimated reading time\" \/>\n\t<meta name=\"twitter:data1\" content=\"1 minute\" \/>\n<script type=\"application\/ld+json\" class=\"yoast-schema-graph\">{\"@context\":\"https:\\\/\\\/schema.org\",\"@graph\":[{\"@type\":\"WebPage\",\"@id\":\"https:\\\/\\\/llorenspyj.adrirodrigom6.es\\\/producto\\\/aceite-de-oliva-extra-premium-500ml\\\/\",\"url\":\"https:\\\/\\\/llorenspyj.adrirodrigom6.es\\\/producto\\\/aceite-de-oliva-extra-premium-500ml\\\/\",\"name\":\"THE200TREES.COM - Edici\u00f3n Limitada 2024 - Llorens P&amp;J\",\"isPartOf\":{\"@id\":\"https:\\\/\\\/llorenspyj.adrirodrigom6.es\\\/#website\"},\"primaryImageOfPage\":{\"@id\":\"https:\\\/\\\/llorenspyj.adrirodrigom6.es\\\/producto\\\/aceite-de-oliva-extra-premium-500ml\\\/#primaryimage\"},\"image\":{\"@id\":\"https:\\\/\\\/llorenspyj.adrirodrigom6.es\\\/producto\\\/aceite-de-oliva-extra-premium-500ml\\\/#primaryimage\"},\"thumbnailUrl\":\"https:\\\/\\\/llorenspyj.adrirodrigom6.es\\\/wp-content\\\/uploads\\\/2025\\\/12\\\/aceite-premium.jpg\",\"datePublished\":\"2025-12-19T07:33:32+00:00\",\"dateModified\":\"2026-02-18T16:47:43+00:00\",\"breadcrumb\":{\"@id\":\"https:\\\/\\\/llorenspyj.adrirodrigom6.es\\\/producto\\\/aceite-de-oliva-extra-premium-500ml\\\/#breadcrumb\"},\"inLanguage\":\"en-GB\",\"potentialAction\":[{\"@type\":\"ReadAction\",\"target\":[\"https:\\\/\\\/llorenspyj.adrirodrigom6.es\\\/producto\\\/aceite-de-oliva-extra-premium-500ml\\\/\"]}]},{\"@type\":\"ImageObject\",\"inLanguage\":\"en-GB\",\"@id\":\"https:\\\/\\\/llorenspyj.adrirodrigom6.es\\\/producto\\\/aceite-de-oliva-extra-premium-500ml\\\/#primaryimage\",\"url\":\"https:\\\/\\\/llorenspyj.adrirodrigom6.es\\\/wp-content\\\/uploads\\\/2025\\\/12\\\/aceite-premium.jpg\",\"contentUrl\":\"https:\\\/\\\/llorenspyj.adrirodrigom6.es\\\/wp-content\\\/uploads\\\/2025\\\/12\\\/aceite-premium.jpg\",\"width\":830,\"height\":830},{\"@type\":\"BreadcrumbList\",\"@id\":\"https:\\\/\\\/llorenspyj.adrirodrigom6.es\\\/producto\\\/aceite-de-oliva-extra-premium-500ml\\\/#breadcrumb\",\"itemListElement\":[{\"@type\":\"ListItem\",\"position\":1,\"name\":\"Portada\",\"item\":\"https:\\\/\\\/llorenspyj.adrirodrigom6.es\\\/\"},{\"@type\":\"ListItem\",\"position\":2,\"name\":\"Tienda\",\"item\":\"https:\\\/\\\/llorenspyj.adrirodrigom6.es\\\/tienda\\\/\"},{\"@type\":\"ListItem\",\"position\":3,\"name\":\"THE200TREES.COM &#8211; Edici\u00f3n Limitada 2024\"}]},{\"@type\":\"WebSite\",\"@id\":\"https:\\\/\\\/llorenspyj.adrirodrigom6.es\\\/#website\",\"url\":\"https:\\\/\\\/llorenspyj.adrirodrigom6.es\\\/\",\"name\":\"Llorens P&amp;J\",\"description\":\"\",\"publisher\":{\"@id\":\"https:\\\/\\\/llorenspyj.adrirodrigom6.es\\\/#organization\"},\"potentialAction\":[{\"@type\":\"SearchAction\",\"target\":{\"@type\":\"EntryPoint\",\"urlTemplate\":\"https:\\\/\\\/llorenspyj.adrirodrigom6.es\\\/?s={search_term_string}\"},\"query-input\":{\"@type\":\"PropertyValueSpecification\",\"valueRequired\":true,\"valueName\":\"search_term_string\"}}],\"inLanguage\":\"en-GB\"},{\"@type\":\"Organization\",\"@id\":\"https:\\\/\\\/llorenspyj.adrirodrigom6.es\\\/#organization\",\"name\":\"Llorens P&amp;J\",\"url\":\"https:\\\/\\\/llorenspyj.adrirodrigom6.es\\\/\",\"logo\":{\"@type\":\"ImageObject\",\"inLanguage\":\"en-GB\",\"@id\":\"https:\\\/\\\/llorenspyj.adrirodrigom6.es\\\/#\\\/schema\\\/logo\\\/image\\\/\",\"url\":\"https:\\\/\\\/llorenspyj.adrirodrigom6.es\\\/wp-content\\\/uploads\\\/2025\\\/06\\\/Sin-titulo-500-x-500-px-3.png\",\"contentUrl\":\"https:\\\/\\\/llorenspyj.adrirodrigom6.es\\\/wp-content\\\/uploads\\\/2025\\\/06\\\/Sin-titulo-500-x-500-px-3.png\",\"width\":500,\"height\":500,\"caption\":\"Llorens P&amp;J\"},\"image\":{\"@id\":\"https:\\\/\\\/llorenspyj.adrirodrigom6.es\\\/#\\\/schema\\\/logo\\\/image\\\/\"}}]}<\/script>\n<!-- \/ Yoast SEO plugin. -->","yoast_head_json":{"title":"THE200TREES.COM - Limited Edition 2024 - Llorens P&amp;J","robots":{"index":"noindex","follow":"follow","max-snippet":"max-snippet:-1","max-image-preview":"max-image-preview:large","max-video-preview":"max-video-preview:-1"},"og_locale":"en_GB","og_type":"article","og_title":"THE200TREES.COM - Edici\u00f3n Limitada 2024 - Llorens P&amp;J","og_description":"Nacido en Vila-real, acariciado por la brisa del Mediterr\u00e1neo. Nuestras aceitunas arbequinas son cosechadas a mano en un olivar privado de solo 200 \u00e1rboles. Prensado en fr\u00edo en cuesti\u00f3n de horas para preservar el alma del fruto Notas de cata Una entrada suave y aterciopelada con notas de almendra verde y tomatera, finalizando con un [&hellip;]","og_url":"https:\/\/llorenspyj.adrirodrigom6.es\/en\/product\/extra-premium-olive-oil-500ml\/","og_site_name":"Llorens P&amp;J","article_modified_time":"2026-02-18T16:47:43+00:00","og_image":[{"width":830,"height":830,"url":"https:\/\/llorenspyj.adrirodrigom6.es\/wp-content\/uploads\/2025\/12\/aceite-premium.jpg","type":"image\/jpeg"}],"twitter_card":"summary_large_image","twitter_misc":{"Estimated reading time":"1 minute"},"schema":{"@context":"https:\/\/schema.org","@graph":[{"@type":"WebPage","@id":"https:\/\/llorenspyj.adrirodrigom6.es\/producto\/aceite-de-oliva-extra-premium-500ml\/","url":"https:\/\/llorenspyj.adrirodrigom6.es\/producto\/aceite-de-oliva-extra-premium-500ml\/","name":"THE200TREES.COM - Limited Edition 2024 - Llorens P&amp;J","isPartOf":{"@id":"https:\/\/llorenspyj.adrirodrigom6.es\/#website"},"primaryImageOfPage":{"@id":"https:\/\/llorenspyj.adrirodrigom6.es\/producto\/aceite-de-oliva-extra-premium-500ml\/#primaryimage"},"image":{"@id":"https:\/\/llorenspyj.adrirodrigom6.es\/producto\/aceite-de-oliva-extra-premium-500ml\/#primaryimage"},"thumbnailUrl":"https:\/\/llorenspyj.adrirodrigom6.es\/wp-content\/uploads\/2025\/12\/aceite-premium.jpg","datePublished":"2025-12-19T07:33:32+00:00","dateModified":"2026-02-18T16:47:43+00:00","breadcrumb":{"@id":"https:\/\/llorenspyj.adrirodrigom6.es\/producto\/aceite-de-oliva-extra-premium-500ml\/#breadcrumb"},"inLanguage":"en-GB","potentialAction":[{"@type":"ReadAction","target":["https:\/\/llorenspyj.adrirodrigom6.es\/producto\/aceite-de-oliva-extra-premium-500ml\/"]}]},{"@type":"ImageObject","inLanguage":"en-GB","@id":"https:\/\/llorenspyj.adrirodrigom6.es\/producto\/aceite-de-oliva-extra-premium-500ml\/#primaryimage","url":"https:\/\/llorenspyj.adrirodrigom6.es\/wp-content\/uploads\/2025\/12\/aceite-premium.jpg","contentUrl":"https:\/\/llorenspyj.adrirodrigom6.es\/wp-content\/uploads\/2025\/12\/aceite-premium.jpg","width":830,"height":830},{"@type":"BreadcrumbList","@id":"https:\/\/llorenspyj.adrirodrigom6.es\/producto\/aceite-de-oliva-extra-premium-500ml\/#breadcrumb","itemListElement":[{"@type":"ListItem","position":1,"name":"Portada","item":"https:\/\/llorenspyj.adrirodrigom6.es\/"},{"@type":"ListItem","position":2,"name":"Tienda","item":"https:\/\/llorenspyj.adrirodrigom6.es\/tienda\/"},{"@type":"ListItem","position":3,"name":"THE200TREES.COM &#8211; Edici\u00f3n Limitada 2024"}]},{"@type":"WebSite","@id":"https:\/\/llorenspyj.adrirodrigom6.es\/#website","url":"https:\/\/llorenspyj.adrirodrigom6.es\/","name":"Llorens P&amp;J","description":"","publisher":{"@id":"https:\/\/llorenspyj.adrirodrigom6.es\/#organization"},"potentialAction":[{"@type":"SearchAction","target":{"@type":"EntryPoint","urlTemplate":"https:\/\/llorenspyj.adrirodrigom6.es\/?s={search_term_string}"},"query-input":{"@type":"PropertyValueSpecification","valueRequired":true,"valueName":"search_term_string"}}],"inLanguage":"en-GB"},{"@type":"Organization","@id":"https:\/\/llorenspyj.adrirodrigom6.es\/#organization","name":"Llorens P&amp;J","url":"https:\/\/llorenspyj.adrirodrigom6.es\/","logo":{"@type":"ImageObject","inLanguage":"en-GB","@id":"https:\/\/llorenspyj.adrirodrigom6.es\/#\/schema\/logo\/image\/","url":"https:\/\/llorenspyj.adrirodrigom6.es\/wp-content\/uploads\/2025\/06\/Sin-titulo-500-x-500-px-3.png","contentUrl":"https:\/\/llorenspyj.adrirodrigom6.es\/wp-content\/uploads\/2025\/06\/Sin-titulo-500-x-500-px-3.png","width":500,"height":500,"caption":"Llorens P&amp;J"},"image":{"@id":"https:\/\/llorenspyj.adrirodrigom6.es\/#\/schema\/logo\/image\/"}}]}},"_links":{"self":[{"href":"https:\/\/llorenspyj.adrirodrigom6.es\/en\/wp-json\/wp\/v2\/product\/627","targetHints":{"allow":["GET"]}}],"collection":[{"href":"https:\/\/llorenspyj.adrirodrigom6.es\/en\/wp-json\/wp\/v2\/product"}],"about":[{"href":"https:\/\/llorenspyj.adrirodrigom6.es\/en\/wp-json\/wp\/v2\/types\/product"}],"version-history":[{"count":6,"href":"https:\/\/llorenspyj.adrirodrigom6.es\/en\/wp-json\/wp\/v2\/product\/627\/revisions"}],"predecessor-version":[{"id":886,"href":"https:\/\/llorenspyj.adrirodrigom6.es\/en\/wp-json\/wp\/v2\/product\/627\/revisions\/886"}],"wp:featuredmedia":[{"embeddable":true,"href":"https:\/\/llorenspyj.adrirodrigom6.es\/en\/wp-json\/wp\/v2\/media\/628"}],"wp:attachment":[{"href":"https:\/\/llorenspyj.adrirodrigom6.es\/en\/wp-json\/wp\/v2\/media?parent=627"}],"wp:term":[{"taxonomy":"product_brand","embeddable":true,"href":"https:\/\/llorenspyj.adrirodrigom6.es\/en\/wp-json\/wp\/v2\/product_brand?post=627"},{"taxonomy":"product_cat","embeddable":true,"href":"https:\/\/llorenspyj.adrirodrigom6.es\/en\/wp-json\/wp\/v2\/product_cat?post=627"},{"taxonomy":"product_tag","embeddable":true,"href":"https:\/\/llorenspyj.adrirodrigom6.es\/en\/wp-json\/wp\/v2\/product_tag?post=627"}],"curies":[{"name":"wp","href":"https:\/\/api.w.org\/{rel}","templated":true}]}}